{"id":11336,"date":"2025-06-06T06:20:46","date_gmt":"2025-06-06T06:20:46","guid":{"rendered":"https:\/\/saiconautomation.com\/?page_id=11336"},"modified":"2025-06-06T06:23:04","modified_gmt":"2025-06-06T06:23:04","slug":"polityka-bezpieczenstwa","status":"publish","type":"page","link":"https:\/\/saiconautomation.com\/pl\/polityka-bezpieczenstwa\/","title":{"rendered":"Polityka Bezpiecze\u0144stwa Informacji"},"content":{"rendered":"<div class=\"bt_bb_wrapper\"><section id=\"bt_bb_section69e02b1674ae3\"  class=\"bt_bb_section bt_bb_layout_boxed_1200\" ><div class=\"bt_bb_port\"><div class=\"bt_bb_cell\"><div class=\"bt_bb_cell_inner\"><div class=\"bt_bb_row_wrapper\"><div  class=\"bt_bb_row\" ><div  class=\"bt_bb_column col-xl-12 col-xs-12 col-sm-12 col-md-12 col-lg-12 bt_bb_align_center bt_bb_vertical_align_top bt_bb_padding_normal bt_bb_animation_fade_in animate\"  data-width=\"12\" data-bt-override-class=\"{&quot;bt_bb_align_&quot;:{&quot;current_class&quot;:&quot;bt_bb_align_center&quot;,&quot;xl&quot;:&quot;center&quot;,&quot;lg&quot;:&quot;center&quot;,&quot;md&quot;:&quot;center&quot;,&quot;sm&quot;:&quot;center&quot;,&quot;xs&quot;:&quot;center&quot;}}\"><div class=\"bt_bb_column_content\"><div class=\"bt_bb_column_content_inner\"><div class=\"bt_bb_separator bt_bb_bottom_spacing_40 bt_bb_border_style_none\"><\/div><div class=\"bt_bb_separator bt_bb_bottom_spacing_5 bt_bb_border_style_none\"><\/div><header class=\"bt_bb_headline bt_bb_dash_none bt_bb_size_medium bt_bb_align_center\"><h2><span class=\"bt_bb_headline_content\"><span>Polityka Bezpiecze\u0144stwa Informacji<\/span><\/span><\/h2><\/header><div class=\"bt_bb_separator bt_bb_bottom_spacing_20 bt_bb_border_style_none\"><\/div><div class=\"bt_bb_image bt_bb_shape_square bt_bb_align_inherit bt_bb_hover_style_zoom-in bt_bb_content_display_always bt_bb_content_align_middle bt_bb_remove_padding_yes bt_bb_fill_background_color_full bt_bb_animation_fade_in animate\" style=\"margin-top: 5px; margin-bottom: 5px;\"><span><img src = \"https:\/\/saiconautomation.com\/wp-content\/plugins\/bold-page-builder\/img\/blank.gif\" data-full_image_src=\"https:\/\/saiconautomation.com\/wp-content\/uploads\/2021\/09\/SAICON_3_DOTS_004.png\" data-image_src=\"https:\/\/saiconautomation.com\/wp-content\/uploads\/2021\/09\/SAICON_3_DOTS_004.png\" alt=\"https:\/\/saiconautomation.com\/wp-content\/uploads\/2021\/09\/SAICON_3_DOTS_004.png\" class=\"btLazyLoadImage\"><\/span><\/div><div class=\"bt_bb_separator bt_bb_bottom_spacing_20 bt_bb_border_style_none\"><\/div><div  class=\"bt_bb_text\" ><p style=\"text-align: center;\">Wzmacnianie zaufania poprzez cyberbezpiecze\u0144stwo<\/p>\n<p style=\"text-align: center;\">W erze, w kt\u00f3rej zagro\u017cenia cyfrowe staj\u0105 si\u0119 coraz bardziej wyrafinowane, bezpiecze\u0144stwo informacji nie jest ju\u017c opcjonalne &#8211; jest niezb\u0119dne. Nasza decyzja o wdro\u017ceniu normy ISO 27001 odzwierciedla g\u0142\u0119bokie i ci\u0105g\u0142e zaanga\u017cowanie w ochron\u0119 poufno\u015bci, integralno\u015bci i dost\u0119pno\u015bci informacji w ca\u0142ej naszej organizacji.<\/p>\n<p style=\"text-align: center;\">Inicjatywa ta dotyczy jednak nie tylko zgodno\u015bci lub najlepszych praktyk &#8211; chodzi o zaufanie. Chodzi o zapewnienie, \u017ce nasi klienci, partnerzy i interesariusze czuj\u0105 si\u0119 pewni tego, jak obchodzimy si\u0119 z wra\u017cliwymi informacjami i jak je chronimy.<\/p>\n<p style=\"text-align: center;\">Wierzymy, \u017ce cyberbezpiecze\u0144stwo powinno przynosi\u0107 spok\u00f3j, a nie niepewno\u015b\u0107. Wzmacniaj\u0105c nasze wewn\u0119trzne systemy, zasady i \u015bwiadomo\u015b\u0107, budujemy bezpieczniejsze \u015brodowisko, aby nasi klienci mogli skupi\u0107 si\u0119 na tym, co dla nich najwa\u017cniejsze, wiedz\u0105c, \u017ce ich dane s\u0105 w bezpiecznych r\u0119kach.<\/p>\n<\/div><div class=\"bt_bb_separator bt_bb_bottom_spacing_30 bt_bb_border_style_none\"><\/div><div class=\"bt_bb_image bt_bb_shape_square bt_bb_align_inherit bt_bb_hover_style_zoom-in bt_bb_content_display_always bt_bb_content_align_middle bt_bb_remove_padding_yes bt_bb_fill_background_color_full bt_bb_animation_fade_in animate\" style=\"margin-top: 5px; margin-bottom: 5px;\"><span><img src = \"https:\/\/saiconautomation.com\/wp-content\/plugins\/bold-page-builder\/img\/blank.gif\" data-full_image_src=\"https:\/\/saiconautomation.com\/wp-content\/uploads\/2021\/09\/SAICON_3_DOTS_004.png\" data-image_src=\"https:\/\/saiconautomation.com\/wp-content\/uploads\/2021\/09\/SAICON_3_DOTS_004.png\" alt=\"https:\/\/saiconautomation.com\/wp-content\/uploads\/2021\/09\/SAICON_3_DOTS_004.png\" class=\"btLazyLoadImage\"><\/span><\/div><div class=\"bt_bb_separator bt_bb_bottom_spacing_30 bt_bb_border_style_none\"><\/div><div class=\"bt_bb_image bt_bb_shape_square bt_bb_align_inherit bt_bb_hover_style_simple bt_bb_content_display_always bt_bb_content_align_middle bt_bb_remove_padding_yes bt_bb_fill_background_color_full\"><span><img src = \"https:\/\/saiconautomation.com\/wp-content\/plugins\/bold-page-builder\/img\/blank.gif\" data-full_image_src=\"https:\/\/saiconautomation.com\/wp-content\/uploads\/2025\/06\/Polityka-bezpieczenstwa.png\" data-image_src=\"https:\/\/saiconautomation.com\/wp-content\/uploads\/2025\/06\/Polityka-bezpieczenstwa.png\" title=\"Polityka bezpiecze\u0144stwa\" alt=\"Polityka bezpiecze\u0144stwa\" class=\"btLazyLoadImage\"><\/span><\/div><div class=\"bt_bb_separator bt_bb_bottom_spacing_20 bt_bb_border_style_none\"><\/div><\/div><\/div><\/div><\/div><\/div><\/div><\/div><\/div><\/section><\/div>","protected":false},"excerpt":{"rendered":"","protected":false},"author":8,"featured_media":0,"parent":0,"menu_order":0,"comment_status":"closed","ping_status":"closed","template":"","meta":[],"yoast_head":"<!-- This site is optimized with the Yoast SEO plugin v19.10 - https:\/\/yoast.com\/wordpress\/plugins\/seo\/ -->\n<title>Polityka Bezpiecze\u0144stwa Informacji - Saicon Control System Integrator<\/title>\n<meta name=\"description\" content=\"Saicon Control System Integrator Jeste\u015bmy sprawdzonym integratorem system\u00f3w sterowania. Dostarczamy kompleksowe systemy, narz\u0119dzia i inne rozwi\u0105zania z zakresu automatyzacji proces\u00f3w produkcyjnych.\" \/>\n<meta name=\"robots\" content=\"index, follow, max-snippet:-1, max-image-preview:large, max-video-preview:-1\" \/>\n<link rel=\"canonical\" href=\"https:\/\/saiconautomation.com\/pl\/polityka-bezpieczenstwa\/\" \/>\n<meta property=\"og:locale\" content=\"pl_PL\" \/>\n<meta property=\"og:type\" content=\"article\" \/>\n<meta property=\"og:title\" content=\"Polityka Bezpiecze\u0144stwa Informacji - Saicon Control System Integrator\" \/>\n<meta property=\"og:description\" content=\"Saicon Control System Integrator Jeste\u015bmy sprawdzonym integratorem system\u00f3w sterowania. Dostarczamy kompleksowe systemy, narz\u0119dzia i inne rozwi\u0105zania z zakresu automatyzacji proces\u00f3w produkcyjnych.\" \/>\n<meta property=\"og:url\" content=\"https:\/\/saiconautomation.com\/pl\/polityka-bezpieczenstwa\/\" \/>\n<meta property=\"og:site_name\" content=\"Saicon Control System Integrator\" \/>\n<meta property=\"article:modified_time\" content=\"2025-06-06T06:23:04+00:00\" \/>\n<meta name=\"twitter:card\" content=\"summary_large_image\" \/>\n<meta name=\"twitter:label1\" content=\"Szacowany czas czytania\" \/>\n\t<meta name=\"twitter:data1\" content=\"3 minuty\" \/>\n<script type=\"application\/ld+json\" class=\"yoast-schema-graph\">{\"@context\":\"https:\/\/schema.org\",\"@graph\":[{\"@type\":\"WebPage\",\"@id\":\"https:\/\/saiconautomation.com\/pl\/polityka-bezpieczenstwa\/\",\"url\":\"https:\/\/saiconautomation.com\/pl\/polityka-bezpieczenstwa\/\",\"name\":\"Polityka Bezpiecze\u0144stwa Informacji - Saicon Control System Integrator\",\"isPartOf\":{\"@id\":\"https:\/\/saiconautomation.com\/#website\"},\"datePublished\":\"2025-06-06T06:20:46+00:00\",\"dateModified\":\"2025-06-06T06:23:04+00:00\",\"description\":\"Saicon Control System Integrator Jeste\u015bmy sprawdzonym integratorem system\u00f3w sterowania. Dostarczamy kompleksowe systemy, narz\u0119dzia i inne rozwi\u0105zania z zakresu automatyzacji proces\u00f3w produkcyjnych.\",\"breadcrumb\":{\"@id\":\"https:\/\/saiconautomation.com\/pl\/polityka-bezpieczenstwa\/#breadcrumb\"},\"inLanguage\":\"pl-PL\",\"potentialAction\":[{\"@type\":\"ReadAction\",\"target\":[\"https:\/\/saiconautomation.com\/pl\/polityka-bezpieczenstwa\/\"]}]},{\"@type\":\"BreadcrumbList\",\"@id\":\"https:\/\/saiconautomation.com\/pl\/polityka-bezpieczenstwa\/#breadcrumb\",\"itemListElement\":[{\"@type\":\"ListItem\",\"position\":1,\"name\":\"Strona g\u0142\u00f3wna\",\"item\":\"https:\/\/saiconautomation.com\/pl\/\"},{\"@type\":\"ListItem\",\"position\":2,\"name\":\"Polityka Bezpiecze\u0144stwa Informacji\"}]},{\"@type\":\"WebSite\",\"@id\":\"https:\/\/saiconautomation.com\/#website\",\"url\":\"https:\/\/saiconautomation.com\/\",\"name\":\"Saicon Control System Integrator\",\"description\":\"Saicon Control System Integrator\",\"publisher\":{\"@id\":\"https:\/\/saiconautomation.com\/#organization\"},\"potentialAction\":[{\"@type\":\"SearchAction\",\"target\":{\"@type\":\"EntryPoint\",\"urlTemplate\":\"https:\/\/saiconautomation.com\/?s={search_term_string}\"},\"query-input\":\"required name=search_term_string\"}],\"inLanguage\":\"pl-PL\"},{\"@type\":\"Organization\",\"@id\":\"https:\/\/saiconautomation.com\/#organization\",\"name\":\"Saicon sp. z.o.o\",\"url\":\"https:\/\/saiconautomation.com\/\",\"logo\":{\"@type\":\"ImageObject\",\"inLanguage\":\"pl-PL\",\"@id\":\"https:\/\/saiconautomation.com\/#\/schema\/logo\/image\/\",\"url\":\"http:\/\/saicon.pl\/wp-content\/uploads\/2021\/12\/logo.jpg\",\"contentUrl\":\"http:\/\/saicon.pl\/wp-content\/uploads\/2021\/12\/logo.jpg\",\"width\":2362,\"height\":803,\"caption\":\"Saicon sp. z.o.o\"},\"image\":{\"@id\":\"https:\/\/saiconautomation.com\/#\/schema\/logo\/image\/\"},\"sameAs\":[\"https:\/\/pl.linkedin.com\/company\/saicon-automation\",\"https:\/\/www.youtube.com\/channel\/UCewYbjSJrB3sjgGSCRlXv6w\"]}]}<\/script>\n<!-- \/ Yoast SEO plugin. -->","yoast_head_json":{"title":"Polityka Bezpiecze\u0144stwa Informacji - Saicon Control System Integrator","description":"Saicon Control System Integrator Jeste\u015bmy sprawdzonym integratorem system\u00f3w sterowania. Dostarczamy kompleksowe systemy, narz\u0119dzia i inne rozwi\u0105zania z zakresu automatyzacji proces\u00f3w produkcyjnych.","robots":{"index":"index","follow":"follow","max-snippet":"max-snippet:-1","max-image-preview":"max-image-preview:large","max-video-preview":"max-video-preview:-1"},"canonical":"https:\/\/saiconautomation.com\/pl\/polityka-bezpieczenstwa\/","og_locale":"pl_PL","og_type":"article","og_title":"Polityka Bezpiecze\u0144stwa Informacji - Saicon Control System Integrator","og_description":"Saicon Control System Integrator Jeste\u015bmy sprawdzonym integratorem system\u00f3w sterowania. Dostarczamy kompleksowe systemy, narz\u0119dzia i inne rozwi\u0105zania z zakresu automatyzacji proces\u00f3w produkcyjnych.","og_url":"https:\/\/saiconautomation.com\/pl\/polityka-bezpieczenstwa\/","og_site_name":"Saicon Control System Integrator","article_modified_time":"2025-06-06T06:23:04+00:00","twitter_card":"summary_large_image","twitter_misc":{"Szacowany czas czytania":"3 minuty"},"schema":{"@context":"https:\/\/schema.org","@graph":[{"@type":"WebPage","@id":"https:\/\/saiconautomation.com\/pl\/polityka-bezpieczenstwa\/","url":"https:\/\/saiconautomation.com\/pl\/polityka-bezpieczenstwa\/","name":"Polityka Bezpiecze\u0144stwa Informacji - Saicon Control System Integrator","isPartOf":{"@id":"https:\/\/saiconautomation.com\/#website"},"datePublished":"2025-06-06T06:20:46+00:00","dateModified":"2025-06-06T06:23:04+00:00","description":"Saicon Control System Integrator Jeste\u015bmy sprawdzonym integratorem system\u00f3w sterowania. Dostarczamy kompleksowe systemy, narz\u0119dzia i inne rozwi\u0105zania z zakresu automatyzacji proces\u00f3w produkcyjnych.","breadcrumb":{"@id":"https:\/\/saiconautomation.com\/pl\/polityka-bezpieczenstwa\/#breadcrumb"},"inLanguage":"pl-PL","potentialAction":[{"@type":"ReadAction","target":["https:\/\/saiconautomation.com\/pl\/polityka-bezpieczenstwa\/"]}]},{"@type":"BreadcrumbList","@id":"https:\/\/saiconautomation.com\/pl\/polityka-bezpieczenstwa\/#breadcrumb","itemListElement":[{"@type":"ListItem","position":1,"name":"Strona g\u0142\u00f3wna","item":"https:\/\/saiconautomation.com\/pl\/"},{"@type":"ListItem","position":2,"name":"Polityka Bezpiecze\u0144stwa Informacji"}]},{"@type":"WebSite","@id":"https:\/\/saiconautomation.com\/#website","url":"https:\/\/saiconautomation.com\/","name":"Saicon Control System Integrator","description":"Saicon Control System Integrator","publisher":{"@id":"https:\/\/saiconautomation.com\/#organization"},"potentialAction":[{"@type":"SearchAction","target":{"@type":"EntryPoint","urlTemplate":"https:\/\/saiconautomation.com\/?s={search_term_string}"},"query-input":"required name=search_term_string"}],"inLanguage":"pl-PL"},{"@type":"Organization","@id":"https:\/\/saiconautomation.com\/#organization","name":"Saicon sp. z.o.o","url":"https:\/\/saiconautomation.com\/","logo":{"@type":"ImageObject","inLanguage":"pl-PL","@id":"https:\/\/saiconautomation.com\/#\/schema\/logo\/image\/","url":"http:\/\/saicon.pl\/wp-content\/uploads\/2021\/12\/logo.jpg","contentUrl":"http:\/\/saicon.pl\/wp-content\/uploads\/2021\/12\/logo.jpg","width":2362,"height":803,"caption":"Saicon sp. z.o.o"},"image":{"@id":"https:\/\/saiconautomation.com\/#\/schema\/logo\/image\/"},"sameAs":["https:\/\/pl.linkedin.com\/company\/saicon-automation","https:\/\/www.youtube.com\/channel\/UCewYbjSJrB3sjgGSCRlXv6w"]}]}},"_links":{"self":[{"href":"https:\/\/saiconautomation.com\/pl\/wp-json\/wp\/v2\/pages\/11336"}],"collection":[{"href":"https:\/\/saiconautomation.com\/pl\/wp-json\/wp\/v2\/pages"}],"about":[{"href":"https:\/\/saiconautomation.com\/pl\/wp-json\/wp\/v2\/types\/page"}],"author":[{"embeddable":true,"href":"https:\/\/saiconautomation.com\/pl\/wp-json\/wp\/v2\/users\/8"}],"replies":[{"embeddable":true,"href":"https:\/\/saiconautomation.com\/pl\/wp-json\/wp\/v2\/comments?post=11336"}],"version-history":[{"count":4,"href":"https:\/\/saiconautomation.com\/pl\/wp-json\/wp\/v2\/pages\/11336\/revisions"}],"predecessor-version":[{"id":11340,"href":"https:\/\/saiconautomation.com\/pl\/wp-json\/wp\/v2\/pages\/11336\/revisions\/11340"}],"wp:attachment":[{"href":"https:\/\/saiconautomation.com\/pl\/wp-json\/wp\/v2\/media?parent=11336"}],"curies":[{"name":"wp","href":"https:\/\/api.w.org\/{rel}","templated":true}]}}