{"id":9536,"date":"2021-12-15T11:21:29","date_gmt":"2021-12-15T11:21:29","guid":{"rendered":"http:\/\/automation.saicon.pl\/?page_id=9536"},"modified":"2022-09-22T08:52:45","modified_gmt":"2022-09-22T08:52:45","slug":"karriere-form","status":"publish","type":"page","link":"https:\/\/saiconautomation.com\/de\/karriere-form\/","title":{"rendered":"Karriere form"},"content":{"rendered":"<div class=\"bt_bb_wrapper\"><section id=\"bt_bb_section69e02cf476723\"  data-background_image_src=\"'https:\/\/saiconautomation.com\/wp-content\/uploads\/2021\/08\/2D7A2137-xxxx-1.jpg'\" class=\"bt_bb_section bt_bb_top_spacing_extra_large bt_bb_bottom_spacing_large bt_bb_color_scheme_11 bt_bb_layout_boxed_1200 bt_bb_vertical_align_top btLazyLoadBackground bt_bb_background_image bt_bb_background_overlay_dark_solid bt-dark-skin\" style=\"background-image:url(&#039;https:\/\/saiconautomation.com\/wp-content\/plugins\/bold-page-builder\/img\/blank.gif&#039;);\"><div class=\"bt_bb_port\"><div class=\"bt_bb_cell\"><div class=\"bt_bb_cell_inner\"><div class=\"bt_bb_row_wrapper\"><div  class=\"bt_bb_row\" ><div  class=\"bt_bb_column col-xl-6 bt_bb_align_left bt_bb_vertical_align_top bt_bb_padding_normal bt_bb_animation_fade_in bt_bb_animation_zoom_out animate\"  data-width=\"6\" data-bt-override-class=\"{}\"><div class=\"bt_bb_column_content\"><div class=\"bt_bb_column_content_inner\"><div class=\"bt_bb_image bt_bb_shape_square bt_bb_align_inherit bt_bb_hover_style_zoom-in bt_bb_content_display_always bt_bb_content_align_middle bt_bb_remove_padding_yes bt_bb_fill_background_color_full bt_bb_animation_fade_in animate\" style=\"margin-top: 5px; margin-bottom: 10px;\"><span><img src = \"https:\/\/saiconautomation.com\/wp-content\/plugins\/bold-page-builder\/img\/blank.gif\" data-full_image_src=\"https:\/\/saiconautomation.com\/wp-content\/uploads\/2021\/09\/SAICON_3_DOTS_004.png\" data-image_src=\"https:\/\/saiconautomation.com\/wp-content\/uploads\/2021\/09\/SAICON_3_DOTS_004.png\" title=\"SAICON_3_DOTS_004\" alt=\"https:\/\/saiconautomation.com\/wp-content\/uploads\/2021\/09\/SAICON_3_DOTS_004.png\" class=\"btLazyLoadImage\"><\/span><\/div><header class=\"bt_bb_headline bt_bb_dash_bottom bt_bb_size_large bt_bb_superheadline bt_bb_subheadline bt_bb_align_inherit\"><h1><span class=\"bt_bb_headline_superheadline\"><span>Career<\/span><\/span><span class=\"bt_bb_headline_content\"><span>Erkunden Sie Arbeits- und Entwicklungsm\u00f6glichkeiten<br \/>\r\nbei SAICON<\/span><\/span><\/h1><div class=\"bt_bb_headline_subheadline\">Im Laufe der Jahre haben wir eine Kultur des Service, der Teamarbeit<br \/>\r\nund organisatorische Innovation zur Schaffung attraktiver Arbeitspl\u00e4tze<br \/>\r\nArbeitspl\u00e4tzen - mit einer einzigartigen Atmosph\u00e4re und nahezu unbegrenzten Wachstumsm\u00f6glichkeiten.<\/div><\/header><div class=\"bt_bb_separator bt_bb_bottom_spacing_60 bt_bb_border_style_none\"><\/div><\/div><\/div><\/div><div  class=\"bt_bb_column col-xl-6 bt_bb_align_right bt_bb_vertical_align_top bt_bb_padding_40 bt_bb_animation_fade_in bt_bb_animation_zoom_out animate\"  data-width=\"6\" data-bt-override-class=\"{}\"><div class=\"bt_bb_column_content\"><div class=\"bt_bb_column_content_inner\"><\/div><\/div><\/div><\/div><\/div><div class=\"bt_bb_row_wrapper\"><div  class=\"bt_bb_row\" ><div  class=\"bt_bb_column col-xl-12 col-xs-12 col-sm-12 col-md-12 col-lg-12 bt_bb_align_left bt_bb_vertical_align_top bt_bb_padding_normal\"  data-width=\"12\" data-bt-override-class=\"{}\"><div class=\"bt_bb_column_content\"><div class=\"bt_bb_column_content_inner\"><div  class=\"bt_bb_row_inner\" ><div  class=\"bt_bb_column_inner col-xl-4 col-xs-12 col-sm-12 col-md-12 col-lg-4 bt_bb_align_left bt_bb_vertical_align_top bt_bb_padding_normal\" style=\"transition-delay: 700ms;\" data-width=\"4\" data-bt-override-class=\"{&quot;bt_bb_align_&quot;:{&quot;current_class&quot;:&quot;bt_bb_align_left&quot;,&quot;xl&quot;:&quot;left&quot;}}\"><div class=\"bt_bb_column_inner_content\"><\/div><\/div><div  class=\"bt_bb_column_inner col-xl-4 col-xs-12 col-sm-12 col-md-12 col-lg-4 bt_bb_align_center bt_bb_vertical_align_top bt_bb_padding_normal bt_bb_animation_fade_in bt_bb_animation_move_up animate\" style=\"transition-delay: 1000ms;\" data-width=\"4\" data-bt-override-class=\"{&quot;bt_bb_align_&quot;:{&quot;current_class&quot;:&quot;bt_bb_align_center&quot;,&quot;xl&quot;:&quot;center&quot;}}\"><div class=\"bt_bb_column_inner_content\"><div class=\"bt_bb_separator bt_bb_bottom_spacing_40 bt_bb_border_style_none\"><\/div><div class=\"bt_bb_button bt_bb_icon_position_left bt_bb_color_scheme_4 bt_bb_style_filled bt_bb_size_small bt_bb_width_inline bt_bb_shape_inherit bt_bb_align_inherit\" data-bt-override-class=\"{&quot;bt_bb_size_&quot;:{&quot;current_class&quot;:&quot;bt_bb_size_small&quot;,&quot;xl&quot;:&quot;small&quot;},&quot;bt_bb_align_&quot;:{&quot;current_class&quot;:&quot;bt_bb_align_inherit&quot;,&quot;xl&quot;:&quot;inherit&quot;}}\"><a href=\"\/en\/about-us\/careers\/\" target=\"_self\" class=\"bt_bb_link\" title=\"Check our job offers\"><span class=\"bt_bb_button_text\">Check our job offers<\/span><\/a><\/div><\/div><\/div><div  class=\"bt_bb_column_inner col-xl-4 col-xs-12 col-sm-12 col-md-12 col-lg-4 bt_bb_align_left bt_bb_vertical_align_top bt_bb_padding_normal\" style=\"transition-delay: 700ms;\" data-width=\"4\" data-bt-override-class=\"{&quot;bt_bb_align_&quot;:{&quot;current_class&quot;:&quot;bt_bb_align_left&quot;,&quot;xl&quot;:&quot;left&quot;}}\"><div class=\"bt_bb_column_inner_content\"><\/div><\/div><\/div><\/div><\/div><\/div><\/div><\/div><\/div><\/div><\/div><\/section><section id=\"bt_bb_section69e02cf4775ff\"  class=\"bt_bb_section bt_bb_top_spacing_80 bt_bb_bottom_spacing_100 bt_bb_layout_boxed_1200 bt_bb_vertical_align_top\" style=\";background-color:#f1f1f1;\"><div class=\"bt_bb_port\"><div class=\"bt_bb_cell\"><div class=\"bt_bb_cell_inner\"><div class=\"bt_bb_row_wrapper\"><div  class=\"bt_bb_row bt_bb_column_gap_10\" ><div  class=\"bt_bb_column col-xl-12 col-xs-12 col-sm-12 col-md-12 col-lg-12 bt_bb_align_left bt_bb_vertical_align_top bt_bb_padding_normal bt_bb_animation_fade_in bt_bb_animation_move_up animate\" style=\"margin-bottom: 20px;\" data-width=\"12\" data-bt-override-class=\"{}\"><div class=\"bt_bb_column_content\"><div class=\"bt_bb_column_content_inner\"><div class=\"bt_bb_image bt_bb_shape_square bt_bb_align_inherit bt_bb_hover_style_zoom-in bt_bb_content_display_always bt_bb_content_align_middle bt_bb_remove_padding_yes bt_bb_fill_background_color_full bt_bb_animation_fade_in animate\" style=\"margin-top: 5px; margin-bottom: 5px;\"><span><img src = \"https:\/\/saiconautomation.com\/wp-content\/plugins\/bold-page-builder\/img\/blank.gif\" data-full_image_src=\"https:\/\/saiconautomation.com\/wp-content\/uploads\/2021\/09\/SAICON_3_DOTS_004.png\" data-image_src=\"https:\/\/saiconautomation.com\/wp-content\/uploads\/2021\/09\/SAICON_3_DOTS_004.png\" title=\"SAICON_3_DOTS_004\" alt=\"https:\/\/saiconautomation.com\/wp-content\/uploads\/2021\/09\/SAICON_3_DOTS_004.png\" class=\"btLazyLoadImage\"><\/span><\/div><div class=\"bt_bb_separator bt_bb_bottom_spacing_5 bt_bb_border_style_none\"><\/div><header class=\"bt_bb_headline bt_bb_dash_none bt_bb_size_medium bt_bb_superheadline bt_bb_subheadline bt_bb_align_inherit\"><h2><span class=\"bt_bb_headline_superheadline\"><span>Senden Sie uns Ihren CV<\/span><\/span><span class=\"bt_bb_headline_content\"><span>M\u00f6chten Sie f\u00fcr uns arbeiten?<span class=\"bt_bb_outline_text bt_bb_outline_text_align_left bt_bb_outline_text_size_200\"><span>CV<\/span><\/span><\/span><\/span><\/h2><div class=\"bt_bb_headline_subheadline\">Senden Sie Ihren Lebenslauf noch heute! <\/div><\/header><div class=\"bt_bb_separator bt_bb_bottom_spacing_25 bt_bb_border_style_none\"><\/div><header class=\"bt_bb_headline bt_bb_dash_none bt_bb_size_medium bt_bb_align_inherit\"><h2><span class=\"bt_bb_headline_content\"><span>Wer, wenn nicht Sie?<span class=\"bt_bb_outline_text bt_bb_outline_text_align_left bt_bb_outline_text_size_200\"><span>CV<\/span><\/span><\/span><\/span><\/h2><\/header><div class=\"bt_bb_separator bt_bb_bottom_spacing_25 bt_bb_border_style_none\"><\/div><\/div><\/div><\/div><\/div><\/div><div class=\"bt_bb_row_wrapper\"><div  class=\"bt_bb_row\" ><div  class=\"bt_bb_column col-xl-12 bt_bb_align_left bt_bb_vertical_align_top bt_bb_padding_40 bt_bb_animation_fade_in bt_bb_animation_zoom_out animate\" style=\"background-color:rgba(255, 255, 255, 1);\" data-width=\"12\" data-bt-override-class=\"{}\"><div class=\"bt_bb_column_content\"><div class=\"bt_bb_column_content_inner\"><div class=\"bt_bb_separator bt_bb_bottom_spacing_50 bt_bb_border_style_none\"><\/div><div class=\"bt_bb_contact_form_7\"><div role=\"form\" class=\"wpcf7\" id=\"wpcf7-f9534-o1\" lang=\"pl-PL\" dir=\"ltr\">\n<div class=\"screen-reader-response\"><p role=\"status\" aria-live=\"polite\" aria-atomic=\"true\"><\/p> <ul><\/ul><\/div>\n<form action=\"\/de\/wp-json\/wp\/v2\/pages\/9536#wpcf7-f9534-o1\" method=\"post\" class=\"wpcf7-form init\" enctype=\"multipart\/form-data\" novalidate=\"novalidate\" data-status=\"init\">\n<div style=\"display: none;\">\n<input type=\"hidden\" name=\"_wpcf7\" value=\"9534\" \/>\n<input type=\"hidden\" name=\"_wpcf7_version\" value=\"5.6.4\" \/>\n<input type=\"hidden\" name=\"_wpcf7_locale\" value=\"pl_PL\" \/>\n<input type=\"hidden\" name=\"_wpcf7_unit_tag\" value=\"wpcf7-f9534-o1\" \/>\n<input type=\"hidden\" name=\"_wpcf7_container_post\" value=\"0\" \/>\n<input type=\"hidden\" name=\"_wpcf7_posted_data_hash\" value=\"\" \/>\n<input type=\"hidden\" name=\"_wpcf7_recaptcha_response\" value=\"\" \/>\n<\/div>\n<div class=\"bt_bb_cf7_form bt_bb_cf7_columns_form\">\n<div class=\"bt_bb_cf7_column\">\n<div class=\"bt_bb_cf7_row\">\n<div class=\"bt_bb_cf7_element bt_bb_cf7_element_required\"><span class=\"wpcf7-form-control-wrap\" data-name=\"your-name\"><input type=\"text\" name=\"your-name\" value=\"\" size=\"40\" class=\"wpcf7-form-control wpcf7-text wpcf7-validates-as-required\" aria-required=\"true\" aria-invalid=\"false\" placeholder=\"Name\" \/><\/span><\/div>\n<\/div>\n<div class=\"bt_bb_cf7_row\">\n<div class=\"bt_bb_cf7_element bt_bb_cf7_element_required\"><span class=\"wpcf7-form-control-wrap\" data-name=\"your-address\"><input type=\"text\" name=\"your-address\" value=\"\" size=\"40\" class=\"wpcf7-form-control wpcf7-text wpcf7-validates-as-required\" aria-required=\"true\" aria-invalid=\"false\" placeholder=\"Adresse\" \/><\/span><\/div>\n<\/div>\n<div class=\"bt_bb_cf7_row\">\n<div class=\"bt_bb_cf7_element bt_bb_cf7_element_required\"><span class=\"wpcf7-form-control-wrap\" data-name=\"city\"><input type=\"text\" name=\"city\" value=\"\" size=\"40\" class=\"wpcf7-form-control wpcf7-text wpcf7-validates-as-required\" aria-required=\"true\" aria-invalid=\"false\" placeholder=\"Stadt\" \/><\/span><\/div>\n<\/div>\n<div class=\"bt_bb_cf7_row\">\n<div class=\"bt_bb_cf7_element bt_bb_cf7_element_required\"><span class=\"wpcf7-form-control-wrap\" data-name=\"postcode\"><input type=\"text\" name=\"postcode\" value=\"\" size=\"40\" class=\"wpcf7-form-control wpcf7-text wpcf7-validates-as-required\" aria-required=\"true\" aria-invalid=\"false\" placeholder=\"Postleitzahl\" \/><\/span><\/div>\n<\/div>\n<div class=\"bt_bb_cf7_row\">\n<div class=\"bt_bb_cf7_element bt_bb_cf7_element_required\"><span class=\"wpcf7-form-control-wrap\" data-name=\"phone-number\"><input type=\"text\" name=\"phone-number\" value=\"\" size=\"40\" class=\"wpcf7-form-control wpcf7-text wpcf7-validates-as-required\" aria-required=\"true\" aria-invalid=\"false\" placeholder=\"Kontaktnummer\" \/><\/span><\/div>\n<\/div>\n<\/div>\n<div class=\"bt_bb_cf7_column\">\n<div class=\"bt_bb_cf7_row\">\n<div class=\"bt_bb_cf7_element bt_bb_cf7_element_required\"><span class=\"wpcf7-form-control-wrap\" data-name=\"your-email\"><input type=\"email\" name=\"your-email\" value=\"\" size=\"40\" class=\"wpcf7-form-control wpcf7-text wpcf7-email wpcf7-validates-as-required wpcf7-validates-as-email\" aria-required=\"true\" aria-invalid=\"false\" placeholder=\"E-Mail\" \/><\/span><\/div>\n<\/div>\n<div class=\"bt_bb_cf7_row\">\n<div class=\"bt_bb_cf7_element bt_bb_cf7_element_required\"><span class=\"wpcf7-form-control-wrap\" data-name=\"file-cv\"><input type=\"file\" name=\"file-cv\" size=\"40\" class=\"wpcf7-form-control wpcf7-file wpcf7-validates-as-required\" accept=\".pdf,.doc,.docx\" aria-required=\"true\" aria-invalid=\"false\" \/><\/span><\/div>\n<\/div>\n<div class=\"bt_bb_cf7_row\">\n<div class=\"bt_bb_cf7_element\"><span class=\"wpcf7-form-control-wrap\" data-name=\"your-message\"><textarea name=\"your-message\" cols=\"40\" rows=\"3\" class=\"wpcf7-form-control wpcf7-textarea\" aria-invalid=\"false\" placeholder=\"zus\u00e4tzliche Information\"><\/textarea><\/span><\/div>\n<\/div>\n<div class=\"bt_bb_cf7_row\">\n<div class=\"bt_bb_cf7_button bt_bb_cf7_element\"><input type=\"submit\" value=\"Lebenslauf absenden\" class=\"wpcf7-form-control has-spinner wpcf7-submit\" \/><\/div>\n<\/div>\n<\/div>\n<\/div>\n<div class=\"wpcf7-response-output\" aria-hidden=\"true\"><\/div><\/form><\/div><\/div><div class=\"bt_bb_separator bt_bb_bottom_spacing_30 bt_bb_border_style_none\"><\/div><\/div><\/div><\/div><\/div><\/div><\/div><\/div><\/div><\/section><\/div>","protected":false},"excerpt":{"rendered":"","protected":false},"author":8,"featured_media":0,"parent":0,"menu_order":0,"comment_status":"closed","ping_status":"closed","template":"","meta":[],"yoast_head":"<!-- This site is optimized with the Yoast SEO plugin v19.10 - https:\/\/yoast.com\/wordpress\/plugins\/seo\/ -->\n<title>Karriere form - Saicon Control System Integrator<\/title>\n<meta name=\"description\" content=\"Saicon Control System Integrator Jeste\u015bmy sprawdzonym integratorem system\u00f3w sterowania. Dostarczamy kompleksowe systemy, narz\u0119dzia i inne rozwi\u0105zania z zakresu automatyzacji proces\u00f3w produkcyjnych.\" \/>\n<meta name=\"robots\" content=\"index, follow, max-snippet:-1, max-image-preview:large, max-video-preview:-1\" \/>\n<link rel=\"canonical\" href=\"https:\/\/saiconautomation.com\/de\/karriere-form\/\" \/>\n<meta property=\"og:locale\" content=\"de_DE\" \/>\n<meta property=\"og:type\" content=\"article\" \/>\n<meta property=\"og:title\" content=\"Karriere form - Saicon Control System Integrator\" \/>\n<meta property=\"og:description\" content=\"Saicon Control System Integrator Jeste\u015bmy sprawdzonym integratorem system\u00f3w sterowania. Dostarczamy kompleksowe systemy, narz\u0119dzia i inne rozwi\u0105zania z zakresu automatyzacji proces\u00f3w produkcyjnych.\" \/>\n<meta property=\"og:url\" content=\"https:\/\/saiconautomation.com\/de\/karriere-form\/\" \/>\n<meta property=\"og:site_name\" content=\"Saicon Control System Integrator\" \/>\n<meta property=\"article:modified_time\" content=\"2022-09-22T08:52:45+00:00\" \/>\n<meta name=\"twitter:card\" content=\"summary_large_image\" \/>\n<meta name=\"twitter:label1\" content=\"Est. reading time\" \/>\n\t<meta name=\"twitter:data1\" content=\"7 minutes\" \/>\n<script type=\"application\/ld+json\" class=\"yoast-schema-graph\">{\"@context\":\"https:\/\/schema.org\",\"@graph\":[{\"@type\":\"WebPage\",\"@id\":\"https:\/\/saiconautomation.com\/de\/karriere-form\/\",\"url\":\"https:\/\/saiconautomation.com\/de\/karriere-form\/\",\"name\":\"Karriere form - Saicon Control System Integrator\",\"isPartOf\":{\"@id\":\"https:\/\/saiconautomation.com\/#website\"},\"datePublished\":\"2021-12-15T11:21:29+00:00\",\"dateModified\":\"2022-09-22T08:52:45+00:00\",\"description\":\"Saicon Control System Integrator Jeste\u015bmy sprawdzonym integratorem system\u00f3w sterowania. Dostarczamy kompleksowe systemy, narz\u0119dzia i inne rozwi\u0105zania z zakresu automatyzacji proces\u00f3w produkcyjnych.\",\"breadcrumb\":{\"@id\":\"https:\/\/saiconautomation.com\/de\/karriere-form\/#breadcrumb\"},\"inLanguage\":\"de-DE\",\"potentialAction\":[{\"@type\":\"ReadAction\",\"target\":[\"https:\/\/saiconautomation.com\/de\/karriere-form\/\"]}]},{\"@type\":\"BreadcrumbList\",\"@id\":\"https:\/\/saiconautomation.com\/de\/karriere-form\/#breadcrumb\",\"itemListElement\":[{\"@type\":\"ListItem\",\"position\":1,\"name\":\"Strona g\u0142\u00f3wna\",\"item\":\"https:\/\/saiconautomation.com\/de\/\"},{\"@type\":\"ListItem\",\"position\":2,\"name\":\"Karriere form\"}]},{\"@type\":\"WebSite\",\"@id\":\"https:\/\/saiconautomation.com\/#website\",\"url\":\"https:\/\/saiconautomation.com\/\",\"name\":\"Saicon Control System Integrator\",\"description\":\"Saicon Control System Integrator\",\"publisher\":{\"@id\":\"https:\/\/saiconautomation.com\/#organization\"},\"potentialAction\":[{\"@type\":\"SearchAction\",\"target\":{\"@type\":\"EntryPoint\",\"urlTemplate\":\"https:\/\/saiconautomation.com\/?s={search_term_string}\"},\"query-input\":\"required name=search_term_string\"}],\"inLanguage\":\"de-DE\"},{\"@type\":\"Organization\",\"@id\":\"https:\/\/saiconautomation.com\/#organization\",\"name\":\"Saicon sp. z.o.o\",\"url\":\"https:\/\/saiconautomation.com\/\",\"logo\":{\"@type\":\"ImageObject\",\"inLanguage\":\"de-DE\",\"@id\":\"https:\/\/saiconautomation.com\/#\/schema\/logo\/image\/\",\"url\":\"http:\/\/saicon.pl\/wp-content\/uploads\/2021\/12\/logo.jpg\",\"contentUrl\":\"http:\/\/saicon.pl\/wp-content\/uploads\/2021\/12\/logo.jpg\",\"width\":2362,\"height\":803,\"caption\":\"Saicon sp. z.o.o\"},\"image\":{\"@id\":\"https:\/\/saiconautomation.com\/#\/schema\/logo\/image\/\"},\"sameAs\":[\"https:\/\/pl.linkedin.com\/company\/saicon-automation\",\"https:\/\/www.youtube.com\/channel\/UCewYbjSJrB3sjgGSCRlXv6w\"]}]}<\/script>\n<!-- \/ Yoast SEO plugin. -->","yoast_head_json":{"title":"Karriere form - Saicon Control System Integrator","description":"Saicon Control System Integrator Jeste\u015bmy sprawdzonym integratorem system\u00f3w sterowania. Dostarczamy kompleksowe systemy, narz\u0119dzia i inne rozwi\u0105zania z zakresu automatyzacji proces\u00f3w produkcyjnych.","robots":{"index":"index","follow":"follow","max-snippet":"max-snippet:-1","max-image-preview":"max-image-preview:large","max-video-preview":"max-video-preview:-1"},"canonical":"https:\/\/saiconautomation.com\/de\/karriere-form\/","og_locale":"de_DE","og_type":"article","og_title":"Karriere form - Saicon Control System Integrator","og_description":"Saicon Control System Integrator Jeste\u015bmy sprawdzonym integratorem system\u00f3w sterowania. Dostarczamy kompleksowe systemy, narz\u0119dzia i inne rozwi\u0105zania z zakresu automatyzacji proces\u00f3w produkcyjnych.","og_url":"https:\/\/saiconautomation.com\/de\/karriere-form\/","og_site_name":"Saicon Control System Integrator","article_modified_time":"2022-09-22T08:52:45+00:00","twitter_card":"summary_large_image","twitter_misc":{"Est. reading time":"7 minutes"},"schema":{"@context":"https:\/\/schema.org","@graph":[{"@type":"WebPage","@id":"https:\/\/saiconautomation.com\/de\/karriere-form\/","url":"https:\/\/saiconautomation.com\/de\/karriere-form\/","name":"Karriere form - Saicon Control System Integrator","isPartOf":{"@id":"https:\/\/saiconautomation.com\/#website"},"datePublished":"2021-12-15T11:21:29+00:00","dateModified":"2022-09-22T08:52:45+00:00","description":"Saicon Control System Integrator Jeste\u015bmy sprawdzonym integratorem system\u00f3w sterowania. Dostarczamy kompleksowe systemy, narz\u0119dzia i inne rozwi\u0105zania z zakresu automatyzacji proces\u00f3w produkcyjnych.","breadcrumb":{"@id":"https:\/\/saiconautomation.com\/de\/karriere-form\/#breadcrumb"},"inLanguage":"de-DE","potentialAction":[{"@type":"ReadAction","target":["https:\/\/saiconautomation.com\/de\/karriere-form\/"]}]},{"@type":"BreadcrumbList","@id":"https:\/\/saiconautomation.com\/de\/karriere-form\/#breadcrumb","itemListElement":[{"@type":"ListItem","position":1,"name":"Strona g\u0142\u00f3wna","item":"https:\/\/saiconautomation.com\/de\/"},{"@type":"ListItem","position":2,"name":"Karriere form"}]},{"@type":"WebSite","@id":"https:\/\/saiconautomation.com\/#website","url":"https:\/\/saiconautomation.com\/","name":"Saicon Control System Integrator","description":"Saicon Control System Integrator","publisher":{"@id":"https:\/\/saiconautomation.com\/#organization"},"potentialAction":[{"@type":"SearchAction","target":{"@type":"EntryPoint","urlTemplate":"https:\/\/saiconautomation.com\/?s={search_term_string}"},"query-input":"required name=search_term_string"}],"inLanguage":"de-DE"},{"@type":"Organization","@id":"https:\/\/saiconautomation.com\/#organization","name":"Saicon sp. z.o.o","url":"https:\/\/saiconautomation.com\/","logo":{"@type":"ImageObject","inLanguage":"de-DE","@id":"https:\/\/saiconautomation.com\/#\/schema\/logo\/image\/","url":"http:\/\/saicon.pl\/wp-content\/uploads\/2021\/12\/logo.jpg","contentUrl":"http:\/\/saicon.pl\/wp-content\/uploads\/2021\/12\/logo.jpg","width":2362,"height":803,"caption":"Saicon sp. z.o.o"},"image":{"@id":"https:\/\/saiconautomation.com\/#\/schema\/logo\/image\/"},"sameAs":["https:\/\/pl.linkedin.com\/company\/saicon-automation","https:\/\/www.youtube.com\/channel\/UCewYbjSJrB3sjgGSCRlXv6w"]}]}},"_links":{"self":[{"href":"https:\/\/saiconautomation.com\/de\/wp-json\/wp\/v2\/pages\/9536"}],"collection":[{"href":"https:\/\/saiconautomation.com\/de\/wp-json\/wp\/v2\/pages"}],"about":[{"href":"https:\/\/saiconautomation.com\/de\/wp-json\/wp\/v2\/types\/page"}],"author":[{"embeddable":true,"href":"https:\/\/saiconautomation.com\/de\/wp-json\/wp\/v2\/users\/8"}],"replies":[{"embeddable":true,"href":"https:\/\/saiconautomation.com\/de\/wp-json\/wp\/v2\/comments?post=9536"}],"version-history":[{"count":4,"href":"https:\/\/saiconautomation.com\/de\/wp-json\/wp\/v2\/pages\/9536\/revisions"}],"predecessor-version":[{"id":10467,"href":"https:\/\/saiconautomation.com\/de\/wp-json\/wp\/v2\/pages\/9536\/revisions\/10467"}],"wp:attachment":[{"href":"https:\/\/saiconautomation.com\/de\/wp-json\/wp\/v2\/media?parent=9536"}],"curies":[{"name":"wp","href":"https:\/\/api.w.org\/{rel}","templated":true}]}}