{"id":8885,"date":"2021-12-01T13:45:40","date_gmt":"2021-12-01T13:45:40","guid":{"rendered":"http:\/\/automation.saicon.pl\/?page_id=8885"},"modified":"2023-03-01T08:40:39","modified_gmt":"2023-03-01T08:40:39","slug":"cookie-richtlinien","status":"publish","type":"page","link":"https:\/\/saiconautomation.com\/de\/cookie-richtlinien\/","title":{"rendered":"Cookie-Politik"},"content":{"rendered":"<div class=\"bt_bb_wrapper\"><section id=\"bt_bb_section69fe4d6623456\"  class=\"bt_bb_section bt_bb_top_spacing_100 bt_bb_bottom_spacing_100 bt_bb_layout_wide bt_bb_vertical_align_top\" ><div class=\"bt_bb_port\"><div class=\"bt_bb_cell\"><div class=\"bt_bb_cell_inner\"><div class=\"bt_bb_row_wrapper bt_bb_row_width_boxed_1200 bt_bb_row_push_right bt_bb_content_wide\"><div  class=\"bt_bb_row\" ><div  class=\"bt_bb_column col-xl-6 bt_bb_align_left bt_bb_vertical_align_top bt_bb_padding_normal bt_bb_animation_fade_in animate\"  data-width=\"6\" data-bt-override-class=\"{}\"><div class=\"bt_bb_column_content\"><div class=\"bt_bb_column_content_inner\"><div class=\"bt_bb_separator bt_bb_bottom_spacing_20 bt_bb_border_style_none\"><\/div><div class=\"bt_bb_image bt_bb_shape_square bt_bb_align_inherit bt_bb_hover_style_zoom-in bt_bb_content_display_always bt_bb_content_align_middle bt_bb_remove_padding_yes bt_bb_fill_background_color_full bt_bb_animation_fade_in animate\" style=\"margin-top: 5px; margin-bottom: 5px;\"><span><img src = \"https:\/\/saiconautomation.com\/wp-content\/plugins\/bold-page-builder\/img\/blank.gif\" data-full_image_src=\"https:\/\/saiconautomation.com\/wp-content\/uploads\/2021\/09\/SAICON_3_DOTS_004.png\" data-image_src=\"https:\/\/saiconautomation.com\/wp-content\/uploads\/2021\/09\/SAICON_3_DOTS_004.png\" title=\"SAICON_3_DOTS_004\" alt=\"https:\/\/saiconautomation.com\/wp-content\/uploads\/2021\/09\/SAICON_3_DOTS_004.png\" class=\"btLazyLoadImage\"><\/span><\/div><div class=\"bt_bb_separator bt_bb_bottom_spacing_5 bt_bb_border_style_none\"><\/div><header class=\"bt_bb_headline bt_bb_dash_none bt_bb_size_medium bt_bb_align_inherit\"><h2><span class=\"bt_bb_headline_content\"><span>Cookie-Richtlinien<\/span><\/span><\/h2><\/header><div class=\"bt_bb_separator bt_bb_bottom_spacing_30 bt_bb_border_style_none\"><\/div><div class=\"bt_bb_accordion bt_bb_color_scheme_5 bt_bb_style_simple bt_bb_shape_square\"><div class=\"bt_bb_accordion_item\"><div class=\"bt_bb_accordion_item_title\">Cookie-Richtlinie<\/div><div class=\"bt_bb_accordion_item_content\"><div  class=\"bt_bb_text\" >\n<p>Diese Cookie-Richtlinien gelten f\u00fcr die Website <a href=\"http:\/\/www.saiconautomation.com\">www.saiconautomation.com<\/a> (im Folgenden Website gennant) von SAICON sp. z o.o.<\/p>\n<p>Durch die Nutzung der Website stimmen Sie der Verwendung von Cookies gem\u00e4\u00df dieser Cookie-Richtlinien (im Folgenden: Richtlinien) zu. Wenn Sie der Verwendung von Cookies durch die Website nicht auf die in der Richtlinien beschriebene Weise zustimmen, sollten Sie Ihre Browsereinstellungen \u00e4ndern oder die Nutzung der Website ablehnen.<\/p>\n<\/div>\n<\/div><\/div><div class=\"bt_bb_accordion_item\"><div class=\"bt_bb_accordion_item_title\">Was sind Cookies?<\/div><div class=\"bt_bb_accordion_item_content\"><div  class=\"bt_bb_text\" >\n<p>Cookies sind Dateien oder Informationen, die auf Ihrem Computer (oder einem anderen entsperrten Ger\u00e4t wie einem Tablet oder Smartphone) gespeichert werden k\u00f6nnen, w\u00e4hrend Sie die Website besuchen.\u00a0Dieses sogenannte Cookie enth\u00e4lt normalerweise den Namen der Website, von der es stammt, die &#8220;Lebensdauer&#8221; des Cookies und einen Wert, der normalerweise eine zuf\u00e4llig generierte eindeutige Nummer ist.<\/p>\n<\/div>\n<\/div><\/div><div class=\"bt_bb_accordion_item\"><div class=\"bt_bb_accordion_item_title\">Wof\u00fcr verwenden wir Cookies?<\/div><div class=\"bt_bb_accordion_item_content\"><div  class=\"bt_bb_text\" >\n<p>Die Verwendung von Cookies ist f\u00fcr das ordnungsgem\u00e4\u00dfe Funktionieren der Website erforderlich.\u00a0Wir verwenden Dateien, um den Inhalt der Website an die Bed\u00fcrfnisse der Benutzer anzupassen, einschlie\u00dflich\u00a0der Region, aus der sich ein bestimmter Benutzer verbindet, zu statistischen Zwecken und zur \u00dcberwachung der Besuchsaktivit\u00e4t unserer Benutzer sowie zum Testen der ordnungsgem\u00e4\u00dfen Funktion aller auf der Website verwendeten Funktionen, um diese st\u00e4ndig zu verbessern.\u00a0Cookies k\u00f6nnen auch verwendet werden, um die Interaktion des Benutzers mit der Website zu erleichtern, z. B. um die Sitzung des Benutzers nach dem Anmelden aufrechtzuerhalten, wodurch der Benutzer nicht auf jeder Unterseite der Website seinen Benutzernamen und sein Passwort erneut eingeben muss.\u00a0Wir k\u00f6nnen diese Dateien auch verwenden, um das Profil des Nutzers zu definieren, um angepasste Materialien in Werbenetzwerken, insbesondere dem Google-Netzwerk, anzuzeigen.<\/p>\n<p>Anhand der in Cookies gespeicherten Informationen k\u00f6nnen wir Sie nicht pers\u00f6nlich identifizieren.<\/p>\n<\/div>\n<\/div><\/div><div class=\"bt_bb_accordion_item\"><div class=\"bt_bb_accordion_item_title\">Welche Art von Cookies verwenden wir?<\/div><div class=\"bt_bb_accordion_item_content\"><div  class=\"bt_bb_text\" >\n<p>Auf der Website k\u00f6nnen zwei Arten von Cookies verwendet werden \u2013 \u201eSitzungs-\u201c und &#8220;Dauer-Cookies\u201c.<\/p>\n<p>Sitzungscookies \u2013 Dies sind tempor\u00e4re Cookies, die auf Ihrem Ger\u00e4t verbleiben, bis Sie die Website verlassen.<\/p>\n<p>Dauer-Cookies \u2013 Dies sind Dateien, die viel l\u00e4nger auf Ihrem Ger\u00e4t verbleiben oder bis Sie sie manuell l\u00f6schen.<\/p>\n<p>Wie lange ein Cookie auf Ihrem Ger\u00e4t verbleibt, h\u00e4ngt von der \u201eLebensdauer\u201c der Cookie-Datei und den Einstellungen Ihres Webbrowsers ab.<\/p>\n<\/div>\n<\/div><\/div><div class=\"bt_bb_accordion_item\"><div class=\"bt_bb_accordion_item_title\">Verwenden wir Cookies von Drittanbietern?<\/div><div class=\"bt_bb_accordion_item_content\"><div  class=\"bt_bb_text\" >\n<p>Wir k\u00f6nnen anderen Anbieter verwenden, die auch in unserem Namen Cookies setzen, wenn Sie die Website besuchen.\u00a0Sie erm\u00f6glichen es ihnen, die von ihnen bereitgestellten Dienstleistungen zu erbringen.\u00a0Wenn Sie die Website besuchen, erhalten Sie m\u00f6glicherweise Cookies von Drittanbietern \u2013 deren Websites oder Domains (z. B. von Google).\u00a0Weitere Informationen zu diesen Cookies finden Sie auf den einzelnen Websites von Drittanbietern.<\/p>\n<\/div>\n<\/div><\/div><div class=\"bt_bb_accordion_item\"><div class=\"bt_bb_accordion_item_title\">Kann ich Cookies kontrollieren oder l\u00f6schen?<\/div><div class=\"bt_bb_accordion_item_content\"><div  class=\"bt_bb_text\" >\n<p>Die meisten Webbrowser akzeptieren Cookies standardm\u00e4\u00dfig.\u00a0Sie k\u00f6nnen Ihre Einstellungen so \u00e4ndern, dass Cookies blockiert werden oder Sie darauf hingewiesen werden, dass sie an Ihre Ger\u00e4te gesendet werden.\u00a0Es gibt viele M\u00f6glichkeiten, Cookies zu verwalten.\u00a0Bitte lesen Sie die Anweisungen Ihres Browsers oder zeigen Sie die Hilfe an, um zu erfahren, wie Sie Ihre Browsereinstellungen anpassen oder \u00e4ndern.<\/p>\n<p>Wenn Sie von der Website verwendete Cookies blockieren, kann dies die Nutzung dieser Websites beeintr\u00e4chtigen.\u00a0Je nach Region k\u00f6nnen Sie beispielsweise beim Surfen bestimmte Bereiche der Website m\u00f6glicherweise nicht besuchen oder erhalten keine personalisierten Informationen.<\/p>\n<p>Wenn Sie verschiedene Ger\u00e4te zum Surfen auf der Website verwenden (z. B. Computer, Tablet oder Smartphone), m\u00fcssen Sie sicherstellen, dass jeder Browser auf jedem Ger\u00e4t richtig auf Ihre Pr\u00e4ferenzen abgestimmt ist.<\/p>\n<\/div>\n<\/div><\/div><\/div><\/div><\/div><\/div><div  class=\"bt_bb_column col-xl-6 bt_bb_align_left bt_bb_vertical_align_top bt_bb_padding_0 bt_bb_animation_fade_in animate\" style=\"position: relative;\" data-width=\"6\" data-bt-override-class=\"{}\"><div class=\"bt_bb_column_content\"><div class=\"bt_bb_column_content_inner\"><div class=\"bt_bb_separator bt_bb_bottom_spacing_40 bt_bb_border_style_none bt_bb_hidden_md bt_bb_hidden_lg\"><\/div><div class=\"bt_bb_image bt_bb_shape_square bt_bb_align_inherit bt_bb_hover_style_simple bt_bb_content_display_always bt_bb_content_align_middle bt_bb_remove_padding_yes bt_bb_fill_background_color_full\" style=\"z-index: 1; max-width: 750px;\"><span><img src = \"https:\/\/saiconautomation.com\/wp-content\/plugins\/bold-page-builder\/img\/blank.gif\" data-full_image_src=\"https:\/\/saiconautomation.com\/wp-content\/uploads\/2021\/06\/SAICON-COOKIES.jpg\" data-image_src=\"https:\/\/saiconautomation.com\/wp-content\/uploads\/2021\/06\/SAICON-COOKIES.jpg\" title=\"SAICON-COOKIES\" alt=\"SSUCv3H4sIAAAAAAAEAH2SP0\/DMBDFdyS+Q+S5EUmdPy0jAzMbQ8VwcY7WquOLbKeAqnx37KQpLkJsud87X\/ze+Xx\/lySsASsFe0zOofK1VGqwzoCTpD3OVheOrXRkJKgAAxsnhVkHbrBooxH5mpt3X\/PlLCjovmIgQFtH4tgfyNGNQIoG09BnDFvsyUo3NdsbwSB01skOY\/ru25SEGPWk2zIG9jA4h2a6ROCRIQEO997pjaUlpd1cJ4twceO8xF6QeoVsFSl2aILySh1qtvBx9c+Qp8FKjdY+PEsNWvw57mfS\/PF2zXmPWoSgz2NkyKBCmDe0WzZUZdOQ+SQ7fvgsusnv5cxJtkhRDUMrKcrjRAKU\/ZVcb6SQeh+1LblfjU49YVtFMaP4ouQOaKKfCv8QqYuAJjfZYHMqrPWrCmXO86Ks11XB63xTFyWv2PI4\/X5lGzuTbTixqaoKeQ5pyTlPi5pn6TavMcVGiDVygGxb+4TGbxJPn2YkAwAA\" class=\"btLazyLoadImage\"><\/span><\/div><div class=\"bt_bb_floating_element bt_bb_floating_element_horizontal_position_right bt_bb_floating_element_vertical_position_bottom bt_bb_floating_element_animation_delay_default bt_bb_floating_element_animation_duration_default bt_bb_floating_element_animation_style_ease_out\" style=\"margin-right: 7.25em; mix-blend-mode: multiply;\" data-speed=\"0\"><div class=\"bt_bb_floating_element_html\" data-speed=\"0\"><span  style=\"width: 10em; height: 10em;background-color: rgba(101, 141, 198, 1);\"><\/span><\/div><\/div><div class=\"bt_bb_floating_element bt_bb_floating_element_horizontal_position_center bt_bb_floating_element_vertical_position_top bt_bb_floating_element_animation_delay_default bt_bb_floating_element_animation_duration_default bt_bb_floating_element_animation_style_ease_out\" style=\"margin-left: -1.75em; margin-top: -3em; mix-blend-mode: multiply;\" data-speed=\"0\"><div class=\"bt_bb_floating_element_html\" data-speed=\"0\"><span  style=\"width: 6em; height: 6em; box-shadow: 0 0 0 4px #F1F1F1 inset;\"><\/span><\/div><\/div><\/div><\/div><\/div><\/div><\/div><\/div><\/div><\/div><\/section><\/div>","protected":false},"excerpt":{"rendered":"","protected":false},"author":1,"featured_media":0,"parent":0,"menu_order":0,"comment_status":"closed","ping_status":"closed","template":"","meta":[],"yoast_head":"<!-- This site is optimized with the Yoast SEO plugin v19.10 - https:\/\/yoast.com\/wordpress\/plugins\/seo\/ -->\n<title>Cookie-Politik - Saicon Control System Integrator<\/title>\n<meta name=\"description\" content=\"Saicon Control System Integrator Jeste\u015bmy sprawdzonym integratorem system\u00f3w sterowania. Dostarczamy kompleksowe systemy, narz\u0119dzia i inne rozwi\u0105zania z zakresu automatyzacji proces\u00f3w produkcyjnych.\" \/>\n<meta name=\"robots\" content=\"index, follow, max-snippet:-1, max-image-preview:large, max-video-preview:-1\" \/>\n<link rel=\"canonical\" href=\"https:\/\/saiconautomation.com\/de\/cookie-richtlinien\/\" \/>\n<meta property=\"og:locale\" content=\"de_DE\" \/>\n<meta property=\"og:type\" content=\"article\" \/>\n<meta property=\"og:title\" content=\"Cookie-Politik - Saicon Control System Integrator\" \/>\n<meta property=\"og:description\" content=\"Saicon Control System Integrator Jeste\u015bmy sprawdzonym integratorem system\u00f3w sterowania. Dostarczamy kompleksowe systemy, narz\u0119dzia i inne rozwi\u0105zania z zakresu automatyzacji proces\u00f3w produkcyjnych.\" \/>\n<meta property=\"og:url\" content=\"https:\/\/saiconautomation.com\/de\/cookie-richtlinien\/\" \/>\n<meta property=\"og:site_name\" content=\"Saicon Control System Integrator\" \/>\n<meta property=\"article:modified_time\" content=\"2023-03-01T08:40:39+00:00\" \/>\n<meta name=\"twitter:card\" content=\"summary_large_image\" \/>\n<meta name=\"twitter:label1\" content=\"Est. reading time\" \/>\n\t<meta name=\"twitter:data1\" content=\"5 minutes\" \/>\n<script type=\"application\/ld+json\" class=\"yoast-schema-graph\">{\"@context\":\"https:\/\/schema.org\",\"@graph\":[{\"@type\":\"WebPage\",\"@id\":\"https:\/\/saiconautomation.com\/de\/cookie-richtlinien\/\",\"url\":\"https:\/\/saiconautomation.com\/de\/cookie-richtlinien\/\",\"name\":\"Cookie-Politik - Saicon Control System Integrator\",\"isPartOf\":{\"@id\":\"https:\/\/saiconautomation.com\/#website\"},\"datePublished\":\"2021-12-01T13:45:40+00:00\",\"dateModified\":\"2023-03-01T08:40:39+00:00\",\"description\":\"Saicon Control System Integrator Jeste\u015bmy sprawdzonym integratorem system\u00f3w sterowania. Dostarczamy kompleksowe systemy, narz\u0119dzia i inne rozwi\u0105zania z zakresu automatyzacji proces\u00f3w produkcyjnych.\",\"breadcrumb\":{\"@id\":\"https:\/\/saiconautomation.com\/de\/cookie-richtlinien\/#breadcrumb\"},\"inLanguage\":\"de-DE\",\"potentialAction\":[{\"@type\":\"ReadAction\",\"target\":[\"https:\/\/saiconautomation.com\/de\/cookie-richtlinien\/\"]}]},{\"@type\":\"BreadcrumbList\",\"@id\":\"https:\/\/saiconautomation.com\/de\/cookie-richtlinien\/#breadcrumb\",\"itemListElement\":[{\"@type\":\"ListItem\",\"position\":1,\"name\":\"Strona g\u0142\u00f3wna\",\"item\":\"https:\/\/saiconautomation.com\/de\/\"},{\"@type\":\"ListItem\",\"position\":2,\"name\":\"Cookie-Politik\"}]},{\"@type\":\"WebSite\",\"@id\":\"https:\/\/saiconautomation.com\/#website\",\"url\":\"https:\/\/saiconautomation.com\/\",\"name\":\"Saicon Control System Integrator\",\"description\":\"Saicon Control System Integrator\",\"publisher\":{\"@id\":\"https:\/\/saiconautomation.com\/#organization\"},\"potentialAction\":[{\"@type\":\"SearchAction\",\"target\":{\"@type\":\"EntryPoint\",\"urlTemplate\":\"https:\/\/saiconautomation.com\/?s={search_term_string}\"},\"query-input\":\"required name=search_term_string\"}],\"inLanguage\":\"de-DE\"},{\"@type\":\"Organization\",\"@id\":\"https:\/\/saiconautomation.com\/#organization\",\"name\":\"Saicon sp. z.o.o\",\"url\":\"https:\/\/saiconautomation.com\/\",\"logo\":{\"@type\":\"ImageObject\",\"inLanguage\":\"de-DE\",\"@id\":\"https:\/\/saiconautomation.com\/#\/schema\/logo\/image\/\",\"url\":\"http:\/\/saicon.pl\/wp-content\/uploads\/2021\/12\/logo.jpg\",\"contentUrl\":\"http:\/\/saicon.pl\/wp-content\/uploads\/2021\/12\/logo.jpg\",\"width\":2362,\"height\":803,\"caption\":\"Saicon sp. z.o.o\"},\"image\":{\"@id\":\"https:\/\/saiconautomation.com\/#\/schema\/logo\/image\/\"},\"sameAs\":[\"https:\/\/pl.linkedin.com\/company\/saicon-automation\",\"https:\/\/www.youtube.com\/channel\/UCewYbjSJrB3sjgGSCRlXv6w\"]}]}<\/script>\n<!-- \/ Yoast SEO plugin. -->","yoast_head_json":{"title":"Cookie-Politik - Saicon Control System Integrator","description":"Saicon Control System Integrator Jeste\u015bmy sprawdzonym integratorem system\u00f3w sterowania. Dostarczamy kompleksowe systemy, narz\u0119dzia i inne rozwi\u0105zania z zakresu automatyzacji proces\u00f3w produkcyjnych.","robots":{"index":"index","follow":"follow","max-snippet":"max-snippet:-1","max-image-preview":"max-image-preview:large","max-video-preview":"max-video-preview:-1"},"canonical":"https:\/\/saiconautomation.com\/de\/cookie-richtlinien\/","og_locale":"de_DE","og_type":"article","og_title":"Cookie-Politik - Saicon Control System Integrator","og_description":"Saicon Control System Integrator Jeste\u015bmy sprawdzonym integratorem system\u00f3w sterowania. Dostarczamy kompleksowe systemy, narz\u0119dzia i inne rozwi\u0105zania z zakresu automatyzacji proces\u00f3w produkcyjnych.","og_url":"https:\/\/saiconautomation.com\/de\/cookie-richtlinien\/","og_site_name":"Saicon Control System Integrator","article_modified_time":"2023-03-01T08:40:39+00:00","twitter_card":"summary_large_image","twitter_misc":{"Est. reading time":"5 minutes"},"schema":{"@context":"https:\/\/schema.org","@graph":[{"@type":"WebPage","@id":"https:\/\/saiconautomation.com\/de\/cookie-richtlinien\/","url":"https:\/\/saiconautomation.com\/de\/cookie-richtlinien\/","name":"Cookie-Politik - Saicon Control System Integrator","isPartOf":{"@id":"https:\/\/saiconautomation.com\/#website"},"datePublished":"2021-12-01T13:45:40+00:00","dateModified":"2023-03-01T08:40:39+00:00","description":"Saicon Control System Integrator Jeste\u015bmy sprawdzonym integratorem system\u00f3w sterowania. Dostarczamy kompleksowe systemy, narz\u0119dzia i inne rozwi\u0105zania z zakresu automatyzacji proces\u00f3w produkcyjnych.","breadcrumb":{"@id":"https:\/\/saiconautomation.com\/de\/cookie-richtlinien\/#breadcrumb"},"inLanguage":"de-DE","potentialAction":[{"@type":"ReadAction","target":["https:\/\/saiconautomation.com\/de\/cookie-richtlinien\/"]}]},{"@type":"BreadcrumbList","@id":"https:\/\/saiconautomation.com\/de\/cookie-richtlinien\/#breadcrumb","itemListElement":[{"@type":"ListItem","position":1,"name":"Strona g\u0142\u00f3wna","item":"https:\/\/saiconautomation.com\/de\/"},{"@type":"ListItem","position":2,"name":"Cookie-Politik"}]},{"@type":"WebSite","@id":"https:\/\/saiconautomation.com\/#website","url":"https:\/\/saiconautomation.com\/","name":"Saicon Control System Integrator","description":"Saicon Control System Integrator","publisher":{"@id":"https:\/\/saiconautomation.com\/#organization"},"potentialAction":[{"@type":"SearchAction","target":{"@type":"EntryPoint","urlTemplate":"https:\/\/saiconautomation.com\/?s={search_term_string}"},"query-input":"required name=search_term_string"}],"inLanguage":"de-DE"},{"@type":"Organization","@id":"https:\/\/saiconautomation.com\/#organization","name":"Saicon sp. z.o.o","url":"https:\/\/saiconautomation.com\/","logo":{"@type":"ImageObject","inLanguage":"de-DE","@id":"https:\/\/saiconautomation.com\/#\/schema\/logo\/image\/","url":"http:\/\/saicon.pl\/wp-content\/uploads\/2021\/12\/logo.jpg","contentUrl":"http:\/\/saicon.pl\/wp-content\/uploads\/2021\/12\/logo.jpg","width":2362,"height":803,"caption":"Saicon sp. z.o.o"},"image":{"@id":"https:\/\/saiconautomation.com\/#\/schema\/logo\/image\/"},"sameAs":["https:\/\/pl.linkedin.com\/company\/saicon-automation","https:\/\/www.youtube.com\/channel\/UCewYbjSJrB3sjgGSCRlXv6w"]}]}},"_links":{"self":[{"href":"https:\/\/saiconautomation.com\/de\/wp-json\/wp\/v2\/pages\/8885"}],"collection":[{"href":"https:\/\/saiconautomation.com\/de\/wp-json\/wp\/v2\/pages"}],"about":[{"href":"https:\/\/saiconautomation.com\/de\/wp-json\/wp\/v2\/types\/page"}],"author":[{"embeddable":true,"href":"https:\/\/saiconautomation.com\/de\/wp-json\/wp\/v2\/users\/1"}],"replies":[{"embeddable":true,"href":"https:\/\/saiconautomation.com\/de\/wp-json\/wp\/v2\/comments?post=8885"}],"version-history":[{"count":8,"href":"https:\/\/saiconautomation.com\/de\/wp-json\/wp\/v2\/pages\/8885\/revisions"}],"predecessor-version":[{"id":10910,"href":"https:\/\/saiconautomation.com\/de\/wp-json\/wp\/v2\/pages\/8885\/revisions\/10910"}],"wp:attachment":[{"href":"https:\/\/saiconautomation.com\/de\/wp-json\/wp\/v2\/media?parent=8885"}],"curies":[{"name":"wp","href":"https:\/\/api.w.org\/{rel}","templated":true}]}}