{"id":1497,"date":"2020-10-26T12:24:07","date_gmt":"2020-10-26T12:24:07","guid":{"rendered":"http:\/\/automation.saicon.pl\/services\/"},"modified":"2022-09-22T09:10:04","modified_gmt":"2022-09-22T09:10:04","slug":"industrielle-automatisierungsdienstleistungen","status":"publish","type":"page","link":"https:\/\/saiconautomation.com\/de\/industrielle-automatisierungsdienstleistungen\/","title":{"rendered":"Dienstleistungen &#8211; SAICON"},"content":{"rendered":"<div class=\"bt_bb_wrapper\"><section id=\"bt_bb_section6a0269f8c1745\"  data-background_image_src=\"'https:\/\/saiconautomation.com\/wp-content\/uploads\/2021\/08\/web-1433045-scaled_1280x854.jpg'\" class=\"bt_bb_section bt_bb_top_spacing_extra_large bt_bb_bottom_spacing_large bt_bb_color_scheme_11 bt_bb_layout_boxed_1200 bt_bb_vertical_align_top btLazyLoadBackground bt_bb_background_image bt_bb_background_overlay_dark_solid bt-dark-skin\" style=\"background-image:url(&#039;https:\/\/saiconautomation.com\/wp-content\/plugins\/bold-page-builder\/img\/blank.gif&#039;);\"><div class=\"bt_bb_port\"><div class=\"bt_bb_cell\"><div class=\"bt_bb_cell_inner\"><div class=\"bt_bb_row_wrapper\"><div  class=\"bt_bb_row\" ><div  class=\"bt_bb_column col-xl-6 bt_bb_align_left bt_bb_vertical_align_top bt_bb_padding_normal bt_bb_animation_fade_in bt_bb_animation_zoom_out animate\"  data-width=\"6\" data-bt-override-class=\"{}\"><div class=\"bt_bb_column_content\"><div class=\"bt_bb_column_content_inner\"><div class=\"bt_bb_image bt_bb_shape_square bt_bb_align_inherit bt_bb_hover_style_zoom-in bt_bb_content_display_always bt_bb_content_align_middle bt_bb_remove_padding_yes bt_bb_fill_background_color_full bt_bb_animation_fade_in animate\" style=\"margin-top: 5px; margin-bottom: 10px;\"><span><img src = \"https:\/\/saiconautomation.com\/wp-content\/plugins\/bold-page-builder\/img\/blank.gif\" data-full_image_src=\"https:\/\/saiconautomation.com\/wp-content\/uploads\/2021\/09\/SAICON_3_DOTS_004.png\" data-image_src=\"https:\/\/saiconautomation.com\/wp-content\/uploads\/2021\/09\/SAICON_3_DOTS_004.png\" title=\"SAICON_3_DOTS_004\" alt=\"https:\/\/saiconautomation.com\/wp-content\/uploads\/2021\/09\/SAICON_3_DOTS_004.png\" class=\"btLazyLoadImage\"><\/span><\/div><header class=\"bt_bb_headline bt_bb_color_scheme_1 bt_bb_dash_bottom bt_bb_size_large bt_bb_superheadline bt_bb_subheadline bt_bb_align_inherit\"><h1><span class=\"bt_bb_headline_superheadline\"><span>Dienstleistungen<\/span><\/span><span class=\"bt_bb_headline_content\"><span>Profitieren Sie von unserer Unterst\u00fctzung, die Ihr Unternehmen braucht.<\/span><\/span><\/h1><div class=\"bt_bb_headline_subheadline\">Erfahrene Ingenieure, Programmierer und Manager k\u00fcmmern sich um Ihr Projekt und sorgen daf\u00fcr, dass der gesamte Prozess termingerecht, gem\u00e4\u00df dem Plan und Ihren Erwartungen durchgef\u00fchrt wird.<\/div><\/header><div class=\"bt_bb_separator bt_bb_bottom_spacing_60 bt_bb_border_style_none\"><\/div><\/div><\/div><\/div><div  class=\"bt_bb_column col-xl-6 bt_bb_align_right bt_bb_vertical_align_top bt_bb_padding_40 bt_bb_animation_fade_in bt_bb_animation_zoom_out animate\"  data-width=\"6\" data-bt-override-class=\"{}\"><div class=\"bt_bb_column_content\"><div class=\"bt_bb_column_content_inner\"><\/div><\/div><\/div><\/div><\/div><\/div><\/div><\/div><\/section><section id=\"bt_bb_section6a0269f8c2210\"  class=\"bt_bb_section bt_bb_color_scheme_2 bt_bb_layout_wide bt_bb_vertical_align_top\" style=\"z-index: 1;\"><div class=\"bt_bb_port\"><div class=\"bt_bb_cell\"><div class=\"bt_bb_cell_inner\"><div class=\"bt_bb_row_wrapper bt_bb_row_width_boxed_1200 bt_bb_row_push_right bt_bb_content_wide\"><div  class=\"bt_bb_row\" ><div  class=\"bt_bb_column col-xl-6 bt_bb_align_left bt_bb_vertical_align_top bt_bb_padding_normal bt_bb_animation_fade_in bt_bb_animation_zoom_out animate\"  data-width=\"6\" data-bt-override-class=\"{&quot;bt_bb_align_&quot;:{&quot;current_class&quot;:&quot;bt_bb_align_left&quot;,&quot;xl&quot;:&quot;left&quot;}}\"><div class=\"bt_bb_column_content\"><div class=\"bt_bb_column_content_inner\"><div class=\"bt_bb_separator bt_bb_bottom_spacing_40 bt_bb_border_style_none\"><\/div><div class=\"bt_bb_image bt_bb_shape_square bt_bb_align_inherit bt_bb_hover_style_zoom-in bt_bb_content_display_always bt_bb_content_align_middle bt_bb_remove_padding_yes bt_bb_fill_background_color_full bt_bb_animation_fade_in animate\" style=\"margin-top: 5px; margin-bottom: 10px;\"><span><img src = \"https:\/\/saiconautomation.com\/wp-content\/plugins\/bold-page-builder\/img\/blank.gif\" data-full_image_src=\"https:\/\/saiconautomation.com\/wp-content\/uploads\/2021\/09\/SAICON_3_DOTS_004.png\" data-image_src=\"https:\/\/saiconautomation.com\/wp-content\/uploads\/2021\/09\/SAICON_3_DOTS_004.png\" title=\"SAICON_3_DOTS_004\" alt=\"https:\/\/saiconautomation.com\/wp-content\/uploads\/2021\/09\/SAICON_3_DOTS_004.png\" class=\"btLazyLoadImage\"><\/span><\/div><div class=\"bt_bb_separator bt_bb_bottom_spacing_5 bt_bb_border_style_none\"><\/div><header class=\"bt_bb_headline bt_bb_dash_top bt_bb_size_medium bt_bb_subheadline bt_bb_align_inherit\"><h3><span class=\"bt_bb_headline_content\"><span>Worauf sind wir spezialisiert? <\/span><\/span><\/h3><div class=\"bt_bb_headline_subheadline\">Nahtlose Implementierung und st\u00f6rungsfreier Systembetrieb? Inbetriebnahme nach Zeitplan? Senkung des Energieverbrauchs? Senkung der Wartungskosten f\u00fcr Kontrollsysteme? Erh\u00f6hung des Sicherheitsniveaus von Menschen, die mit Maschinen und Ger\u00e4ten arbeiten?<br \/>\r\n<br \/>\r\nDies sind die Grundannahmen, die uns bei der Entwicklung von L\u00f6sungen f\u00fcr Ihr Unternehmen leiten.<br \/>\r\n<br \/>\r\nUnser Angebot umfasst die gesamte Produktion und Implementierung von erg\u00e4nzenden Steuerungssystemen.<br \/>\r\n<\/div><\/header><div class=\"bt_bb_separator bt_bb_bottom_spacing_40 bt_bb_border_style_none\"><\/div><div class=\"bt_bb_button bt_bb_icon_position_left bt_bb_color_scheme_6 bt_bb_style_filled bt_bb_size_normal bt_bb_width_inline bt_bb_shape_inherit bt_bb_align_inherit\" data-bt-override-class=\"{&quot;bt_bb_size_&quot;:{&quot;current_class&quot;:&quot;bt_bb_size_normal&quot;,&quot;xl&quot;:&quot;normal&quot;},&quot;bt_bb_align_&quot;:{&quot;current_class&quot;:&quot;bt_bb_align_inherit&quot;,&quot;xl&quot;:&quot;inherit&quot;}}\"><a href=\"\/de\/ansprechpartner_fur_nnovative_losungen_automatisierung\/\" target=\"_self\" class=\"bt_bb_link\" title=\"Angebot anfordern\"><span class=\"bt_bb_button_text\">Angebot anfordern<\/span><\/a><\/div><div class=\"bt_bb_separator bt_bb_bottom_spacing_100 bt_bb_border_style_none bt_bb_hidden_md bt_bb_hidden_lg\"><\/div><div class=\"bt_bb_separator bt_bb_bottom_spacing_40 bt_bb_border_style_none\"><\/div><\/div><\/div><\/div><div  class=\"bt_bb_column col-xl-6 bt_bb_align_left bt_bb_vertical_align_middle bt_bb_padding_normal bt_bb_animation_fade_in bt_bb_animation_zoom_out animate\"  data-width=\"6\" data-bt-override-class=\"{&quot;bt_bb_align_&quot;:{&quot;current_class&quot;:&quot;bt_bb_align_left&quot;,&quot;xl&quot;:&quot;left&quot;}}\"><div class=\"bt_bb_column_content\"><div class=\"bt_bb_column_content_inner\"><div class=\"bt_bb_image bt_bb_shape_square bt_bb_align_inherit bt_bb_hover_style_simple bt_bb_content_display_always bt_bb_content_align_middle bt_bb_remove_padding_yes bt_bb_fill_background_color_full\" style=\"margin-top: -80px; margin-bottom: -40px;\"><span><img src = \"https:\/\/saiconautomation.com\/wp-content\/plugins\/bold-page-builder\/img\/blank.gif\" data-full_image_src=\"https:\/\/saiconautomation.com\/wp-content\/uploads\/2021\/09\/Saicon-modern-conveyor-system-with-box-in-motion-2S4E7GR_800x620.jpg\" data-image_src=\"https:\/\/saiconautomation.com\/wp-content\/uploads\/2021\/09\/modern-conveyor-system-with-box-in-motion-2S4E7GR_800x620-640x620.jpg\" title=\"modern-conveyor-system-with-box-in-motion-2S4E7GR_800x620\" alt=\"https:\/\/saiconautomation.com\/wp-content\/uploads\/2021\/09\/modern-conveyor-system-with-box-in-motion-2S4E7GR_800x620-640x620.jpg\" class=\"btLazyLoadImage\"><\/span><\/div><\/div><\/div><\/div><\/div><\/div><\/div><\/div><\/div><\/section><section id=\"bt_bb_section6a0269f8c3458\"  class=\"bt_bb_section bt_bb_layout_wide bt_bb_vertical_align_top\" ><div class=\"bt_bb_port\"><div class=\"bt_bb_cell\"><div class=\"bt_bb_cell_inner\"><div class=\"bt_bb_row_wrapper bt_bb_row_width_boxed_1200 bt_bb_row_push_left bt_bb_content_wide\"><div  class=\"bt_bb_row bt_bb_column_gap_0\" ><div  class=\"bt_bb_column col-xl-6 bt_bb_align_left bt_bb_vertical_align_top bt_bb_padding_normal bt_bb_animation_fade_in animate\"  data-width=\"6\" data-bt-override-class=\"{}\"><div class=\"bt_bb_column_content\"><div class=\"bt_bb_column_content_inner\"><div class=\"bt_bb_image bt_bb_shape_square bt_bb_align_inherit bt_bb_hover_style_simple bt_bb_content_display_always bt_bb_content_align_middle bt_bb_remove_padding_yes bt_bb_fill_background_color_full\"><span><img src = \"https:\/\/saiconautomation.com\/wp-content\/plugins\/bold-page-builder\/img\/blank.gif\" data-full_image_src=\"https:\/\/saiconautomation.com\/wp-content\/uploads\/2021\/09\/T01-1280x1000.jpg\" data-image_src=\"https:\/\/saiconautomation.com\/wp-content\/uploads\/2021\/09\/T01-1280x1000.jpg\" title=\"_E0A0488_poprawione_1280x1000\" alt=\"https:\/\/saiconautomation.com\/wp-content\/uploads\/2021\/09\/T01-1280x1000.jpg\" class=\"btLazyLoadImage\"><\/span><\/div><\/div><\/div><\/div><div  class=\"bt_bb_column col-xl-6 bt_bb_align_left bt_bb_vertical_align_middle bt_bb_padding_70 bt_bb_animation_fade_in bt_bb_animation_zoom_out animate\" style=\"background-color:rgba(241, 241, 241, 1);\" data-width=\"6\" data-bt-override-class=\"{}\"><div class=\"bt_bb_column_content\"><div class=\"bt_bb_column_content_inner\"><div class=\"bt_bb_separator bt_bb_bottom_spacing_60 bt_bb_border_style_none\"><\/div><div class=\"bt_bb_image bt_bb_shape_square bt_bb_align_inherit bt_bb_hover_style_zoom-in bt_bb_content_display_always bt_bb_content_align_middle bt_bb_remove_padding_yes bt_bb_fill_background_color_full bt_bb_animation_fade_in animate\" style=\"margin-top: 5px; margin-bottom: 10px;\"><span><img src = \"https:\/\/saiconautomation.com\/wp-content\/plugins\/bold-page-builder\/img\/blank.gif\" data-full_image_src=\"https:\/\/saiconautomation.com\/wp-content\/uploads\/2021\/09\/SAICON_3_DOTS_004.png\" data-image_src=\"https:\/\/saiconautomation.com\/wp-content\/uploads\/2021\/09\/SAICON_3_DOTS_004.png\" title=\"SAICON_3_DOTS_004\" alt=\"https:\/\/saiconautomation.com\/wp-content\/uploads\/2021\/09\/SAICON_3_DOTS_004.png\" class=\"btLazyLoadImage\"><\/span><\/div><div class=\"bt_bb_separator bt_bb_bottom_spacing_5 bt_bb_border_style_none\"><\/div><header class=\"bt_bb_headline bt_bb_dash_top bt_bb_size_medium bt_bb_align_inherit\"><h3><span class=\"bt_bb_headline_content\"><span>Warum ist es das wert?<\/span><\/span><\/h3><\/header><div class=\"bt_bb_separator bt_bb_bottom_spacing_45 bt_bb_border_style_none\"><\/div><div  class=\"bt_bb_row_inner\" ><div  class=\"bt_bb_column_inner col-xl-12 col-xs-12 col-sm-12 col-md-12 col-lg-12 bt_bb_align_left bt_bb_vertical_align_top\"  data-width=\"12\" data-bt-override-class=\"{}\"><div class=\"bt_bb_column_inner_content\"><div  class=\"bt_bb_text\" ><p>Unser Angebot umfasst die Herstellung und Implementierung von erg\u00e4nzenden Kontrollsystemen.<\/p>\n<p><strong>Wir bieten Ihnen schl\u00fcsselfertige L\u00f6sungen<\/strong>: von der Beschaffung mechanischer Komponenten \u00fcber die Konstruktion der Anlage, Programmierung, \u00c4nderungen, virtuelle Modellierung und Simulation von Produktionsprozessen und ganzen Fabriken bis hin zur Installation und Inbetriebnahme.<\/p>\n<p>Dar\u00fcber hinaus bieten wir Ihnen w\u00e4hrend und nach der Garantiezeit eine kontinuierliche Serviceunterst\u00fctzung.<\/p>\n<\/div><\/div><\/div><\/div><div class=\"bt_bb_separator bt_bb_bottom_spacing_45 bt_bb_border_style_none\"><\/div><\/div><\/div><\/div><\/div><\/div><\/div><\/div><\/div><\/section><section id=\"bt_bb_section6a0269f8c43b9\"  class=\"bt_bb_section bt_bb_bottom_spacing_10 bt_bb_layout_wide bt_bb_vertical_align_top\" ><div class=\"bt_bb_port\"><div class=\"bt_bb_cell\"><div class=\"bt_bb_cell_inner\"><div class=\"bt_bb_row_wrapper\"><div  class=\"bt_bb_row\" ><\/div><\/div><\/div><\/div><\/div><\/section><\/div>","protected":false},"excerpt":{"rendered":"<p>Quickly communicate enabled technology and turnkey leadership skills. Uniquely enable accurate supply chains rather than frictionless technology. Globally network focused materials vis-a-vis cost effective products.<\/p>\n","protected":false},"author":6,"featured_media":0,"parent":0,"menu_order":0,"comment_status":"closed","ping_status":"closed","template":"","meta":[],"yoast_head":"<!-- This site is optimized with the Yoast SEO plugin v19.10 - https:\/\/yoast.com\/wordpress\/plugins\/seo\/ -->\n<title>Dienstleistungen - SAICON - Saicon Control System Integrator<\/title>\n<meta name=\"description\" content=\"Bew\u00e4hrter Integrator von Steuerungssystemen. Wir bieten umfassende Systeme und L\u00f6sungen zur Automatisierung von Produktionsprozessen.\" \/>\n<meta name=\"robots\" content=\"index, follow, max-snippet:-1, max-image-preview:large, max-video-preview:-1\" \/>\n<link rel=\"canonical\" href=\"https:\/\/saiconautomation.com\/de\/industrielle-automatisierungsdienstleistungen\/\" \/>\n<meta property=\"og:locale\" content=\"de_DE\" \/>\n<meta property=\"og:type\" content=\"article\" \/>\n<meta property=\"og:title\" content=\"Dienstleistungen - SAICON - Saicon Control System Integrator\" \/>\n<meta property=\"og:description\" content=\"Bew\u00e4hrter Integrator von Steuerungssystemen. Wir bieten umfassende Systeme und L\u00f6sungen zur Automatisierung von Produktionsprozessen.\" \/>\n<meta property=\"og:url\" content=\"https:\/\/saiconautomation.com\/de\/industrielle-automatisierungsdienstleistungen\/\" \/>\n<meta property=\"og:site_name\" content=\"Saicon Control System Integrator\" \/>\n<meta property=\"article:modified_time\" content=\"2022-09-22T09:10:04+00:00\" \/>\n<meta name=\"twitter:card\" content=\"summary_large_image\" \/>\n<meta name=\"twitter:label1\" content=\"Est. reading time\" \/>\n\t<meta name=\"twitter:data1\" content=\"9 minutes\" \/>\n<script type=\"application\/ld+json\" class=\"yoast-schema-graph\">{\"@context\":\"https:\/\/schema.org\",\"@graph\":[{\"@type\":\"WebPage\",\"@id\":\"https:\/\/saiconautomation.com\/de\/industrielle-automatisierungsdienstleistungen\/\",\"url\":\"https:\/\/saiconautomation.com\/de\/industrielle-automatisierungsdienstleistungen\/\",\"name\":\"Dienstleistungen - SAICON - Saicon Control System Integrator\",\"isPartOf\":{\"@id\":\"https:\/\/saiconautomation.com\/#website\"},\"datePublished\":\"2020-10-26T12:24:07+00:00\",\"dateModified\":\"2022-09-22T09:10:04+00:00\",\"description\":\"Bew\u00e4hrter Integrator von Steuerungssystemen. Wir bieten umfassende Systeme und L\u00f6sungen zur Automatisierung von Produktionsprozessen.\",\"breadcrumb\":{\"@id\":\"https:\/\/saiconautomation.com\/de\/industrielle-automatisierungsdienstleistungen\/#breadcrumb\"},\"inLanguage\":\"de-DE\",\"potentialAction\":[{\"@type\":\"ReadAction\",\"target\":[\"https:\/\/saiconautomation.com\/de\/industrielle-automatisierungsdienstleistungen\/\"]}]},{\"@type\":\"BreadcrumbList\",\"@id\":\"https:\/\/saiconautomation.com\/de\/industrielle-automatisierungsdienstleistungen\/#breadcrumb\",\"itemListElement\":[{\"@type\":\"ListItem\",\"position\":1,\"name\":\"Strona g\u0142\u00f3wna\",\"item\":\"https:\/\/saiconautomation.com\/de\/\"},{\"@type\":\"ListItem\",\"position\":2,\"name\":\"Dienstleistungen &#8211; SAICON\"}]},{\"@type\":\"WebSite\",\"@id\":\"https:\/\/saiconautomation.com\/#website\",\"url\":\"https:\/\/saiconautomation.com\/\",\"name\":\"Saicon Control System Integrator\",\"description\":\"Saicon Control System Integrator\",\"publisher\":{\"@id\":\"https:\/\/saiconautomation.com\/#organization\"},\"potentialAction\":[{\"@type\":\"SearchAction\",\"target\":{\"@type\":\"EntryPoint\",\"urlTemplate\":\"https:\/\/saiconautomation.com\/?s={search_term_string}\"},\"query-input\":\"required name=search_term_string\"}],\"inLanguage\":\"de-DE\"},{\"@type\":\"Organization\",\"@id\":\"https:\/\/saiconautomation.com\/#organization\",\"name\":\"Saicon sp. z.o.o\",\"url\":\"https:\/\/saiconautomation.com\/\",\"logo\":{\"@type\":\"ImageObject\",\"inLanguage\":\"de-DE\",\"@id\":\"https:\/\/saiconautomation.com\/#\/schema\/logo\/image\/\",\"url\":\"http:\/\/saicon.pl\/wp-content\/uploads\/2021\/12\/logo.jpg\",\"contentUrl\":\"http:\/\/saicon.pl\/wp-content\/uploads\/2021\/12\/logo.jpg\",\"width\":2362,\"height\":803,\"caption\":\"Saicon sp. z.o.o\"},\"image\":{\"@id\":\"https:\/\/saiconautomation.com\/#\/schema\/logo\/image\/\"},\"sameAs\":[\"https:\/\/pl.linkedin.com\/company\/saicon-automation\",\"https:\/\/www.youtube.com\/channel\/UCewYbjSJrB3sjgGSCRlXv6w\"]}]}<\/script>\n<!-- \/ Yoast SEO plugin. -->","yoast_head_json":{"title":"Dienstleistungen - SAICON - Saicon Control System Integrator","description":"Bew\u00e4hrter Integrator von Steuerungssystemen. Wir bieten umfassende Systeme und L\u00f6sungen zur Automatisierung von Produktionsprozessen.","robots":{"index":"index","follow":"follow","max-snippet":"max-snippet:-1","max-image-preview":"max-image-preview:large","max-video-preview":"max-video-preview:-1"},"canonical":"https:\/\/saiconautomation.com\/de\/industrielle-automatisierungsdienstleistungen\/","og_locale":"de_DE","og_type":"article","og_title":"Dienstleistungen - SAICON - Saicon Control System Integrator","og_description":"Bew\u00e4hrter Integrator von Steuerungssystemen. Wir bieten umfassende Systeme und L\u00f6sungen zur Automatisierung von Produktionsprozessen.","og_url":"https:\/\/saiconautomation.com\/de\/industrielle-automatisierungsdienstleistungen\/","og_site_name":"Saicon Control System Integrator","article_modified_time":"2022-09-22T09:10:04+00:00","twitter_card":"summary_large_image","twitter_misc":{"Est. reading time":"9 minutes"},"schema":{"@context":"https:\/\/schema.org","@graph":[{"@type":"WebPage","@id":"https:\/\/saiconautomation.com\/de\/industrielle-automatisierungsdienstleistungen\/","url":"https:\/\/saiconautomation.com\/de\/industrielle-automatisierungsdienstleistungen\/","name":"Dienstleistungen - SAICON - Saicon Control System Integrator","isPartOf":{"@id":"https:\/\/saiconautomation.com\/#website"},"datePublished":"2020-10-26T12:24:07+00:00","dateModified":"2022-09-22T09:10:04+00:00","description":"Bew\u00e4hrter Integrator von Steuerungssystemen. Wir bieten umfassende Systeme und L\u00f6sungen zur Automatisierung von Produktionsprozessen.","breadcrumb":{"@id":"https:\/\/saiconautomation.com\/de\/industrielle-automatisierungsdienstleistungen\/#breadcrumb"},"inLanguage":"de-DE","potentialAction":[{"@type":"ReadAction","target":["https:\/\/saiconautomation.com\/de\/industrielle-automatisierungsdienstleistungen\/"]}]},{"@type":"BreadcrumbList","@id":"https:\/\/saiconautomation.com\/de\/industrielle-automatisierungsdienstleistungen\/#breadcrumb","itemListElement":[{"@type":"ListItem","position":1,"name":"Strona g\u0142\u00f3wna","item":"https:\/\/saiconautomation.com\/de\/"},{"@type":"ListItem","position":2,"name":"Dienstleistungen &#8211; SAICON"}]},{"@type":"WebSite","@id":"https:\/\/saiconautomation.com\/#website","url":"https:\/\/saiconautomation.com\/","name":"Saicon Control System Integrator","description":"Saicon Control System Integrator","publisher":{"@id":"https:\/\/saiconautomation.com\/#organization"},"potentialAction":[{"@type":"SearchAction","target":{"@type":"EntryPoint","urlTemplate":"https:\/\/saiconautomation.com\/?s={search_term_string}"},"query-input":"required name=search_term_string"}],"inLanguage":"de-DE"},{"@type":"Organization","@id":"https:\/\/saiconautomation.com\/#organization","name":"Saicon sp. z.o.o","url":"https:\/\/saiconautomation.com\/","logo":{"@type":"ImageObject","inLanguage":"de-DE","@id":"https:\/\/saiconautomation.com\/#\/schema\/logo\/image\/","url":"http:\/\/saicon.pl\/wp-content\/uploads\/2021\/12\/logo.jpg","contentUrl":"http:\/\/saicon.pl\/wp-content\/uploads\/2021\/12\/logo.jpg","width":2362,"height":803,"caption":"Saicon sp. z.o.o"},"image":{"@id":"https:\/\/saiconautomation.com\/#\/schema\/logo\/image\/"},"sameAs":["https:\/\/pl.linkedin.com\/company\/saicon-automation","https:\/\/www.youtube.com\/channel\/UCewYbjSJrB3sjgGSCRlXv6w"]}]}},"_links":{"self":[{"href":"https:\/\/saiconautomation.com\/de\/wp-json\/wp\/v2\/pages\/1497"}],"collection":[{"href":"https:\/\/saiconautomation.com\/de\/wp-json\/wp\/v2\/pages"}],"about":[{"href":"https:\/\/saiconautomation.com\/de\/wp-json\/wp\/v2\/types\/page"}],"author":[{"embeddable":true,"href":"https:\/\/saiconautomation.com\/de\/wp-json\/wp\/v2\/users\/6"}],"replies":[{"embeddable":true,"href":"https:\/\/saiconautomation.com\/de\/wp-json\/wp\/v2\/comments?post=1497"}],"version-history":[{"count":16,"href":"https:\/\/saiconautomation.com\/de\/wp-json\/wp\/v2\/pages\/1497\/revisions"}],"predecessor-version":[{"id":10471,"href":"https:\/\/saiconautomation.com\/de\/wp-json\/wp\/v2\/pages\/1497\/revisions\/10471"}],"wp:attachment":[{"href":"https:\/\/saiconautomation.com\/de\/wp-json\/wp\/v2\/media?parent=1497"}],"curies":[{"name":"wp","href":"https:\/\/api.w.org\/{rel}","templated":true}]}}